{"id":633,"date":"2023-03-29T21:38:57","date_gmt":"2023-03-29T14:38:57","guid":{"rendered":"http:\/\/seagift.com.vn\/?post_type=product&#038;p=633"},"modified":"2023-08-15T23:20:23","modified_gmt":"2023-08-15T16:20:23","slug":"thai-shrimp-cakebanh-tom-thai","status":"publish","type":"product","link":"https:\/\/seagift.com.vn\/vi\/san-pham\/thai-shrimp-cakebanh-tom-thai\/","title":{"rendered":"B\u00e1nh t\u00f4m th\u00e1i"},"content":{"rendered":"<p>20 &#8211; 25gr\/pc<br \/>\n50pc\/box x 6 box<\/p>","protected":false},"excerpt":{"rendered":"<p>20 &#8211; 25gr\/pc 50pc\/box x 6 box<\/p>","protected":false},"featured_media":1338,"template":"","meta":[],"product_brand":[],"product_cat":[21,70],"product_tag":[],"class_list":{"0":"post-633","1":"product","2":"type-product","3":"status-publish","4":"has-post-thumbnail","6":"product_cat-processed-food","7":"product_cat-thuc-pham-da-che-bien","9":"first","10":"instock","11":"shipping-taxable","12":"product-type-simple"},"_links":{"self":[{"href":"https:\/\/seagift.com.vn\/vi\/wp-json\/wp\/v2\/product\/633","targetHints":{"allow":["GET"]}}],"collection":[{"href":"https:\/\/seagift.com.vn\/vi\/wp-json\/wp\/v2\/product"}],"about":[{"href":"https:\/\/seagift.com.vn\/vi\/wp-json\/wp\/v2\/types\/product"}],"wp:featuredmedia":[{"embeddable":true,"href":"https:\/\/seagift.com.vn\/vi\/wp-json\/wp\/v2\/media\/1338"}],"wp:attachment":[{"href":"https:\/\/seagift.com.vn\/vi\/wp-json\/wp\/v2\/media?parent=633"}],"wp:term":[{"taxonomy":"product_brand","embeddable":true,"href":"https:\/\/seagift.com.vn\/vi\/wp-json\/wp\/v2\/product_brand?post=633"},{"taxonomy":"product_cat","embeddable":true,"href":"https:\/\/seagift.com.vn\/vi\/wp-json\/wp\/v2\/product_cat?post=633"},{"taxonomy":"product_tag","embeddable":true,"href":"https:\/\/seagift.com.vn\/vi\/wp-json\/wp\/v2\/product_tag?post=633"}],"curies":[{"name":"wp","href":"https:\/\/api.w.org\/{rel}","templated":true}]}}