{"id":264,"date":"2023-01-10T23:02:14","date_gmt":"2023-01-10T16:02:14","guid":{"rendered":"http:\/\/seagift.com.vn\/?page_id=264"},"modified":"2026-03-17T16:48:10","modified_gmt":"2026-03-17T09:48:10","slug":"lien-he-2","status":"publish","type":"page","link":"https:\/\/seagift.com.vn\/vi\/lien-he-2\/","title":{"rendered":"Li\u00ean h\u1ec7"},"content":{"rendered":"<p><\/p>\n\n\n\n<div class=\"row\"  id=\"row-1862024449\">\n\n\n\t<div id=\"col-1204272381\" class=\"col small-12 large-12\"  >\n\t\t\t\t<div class=\"col-inner\"  >\n\t\t\t\n\t\t\t\n\n\n\n<iframe src=\"https:\/\/www.google.com\/maps\/embed?pb=!1m18!1m12!1m3!1d3917.6959056228584!2d106.71093841531669!3d10.910699459683087!2m3!1f0!2f0!3f0!3m2!1i1024!2i768!4f13.1!3m3!1m2!1s0x317529c075a3838d%3A0xc8f81179e98ababc!2zQ8O0bmcgdHkgVE5ISCBI4bqjaSDDgm4gKFNlYWdpZnQp!5e0!3m2!1sen!2s!4v1673362719475!5m2!1sen!2s\" width=\"100%\" height=\"450\" style=\"border:0;\" allowfullscreen=\"\" loading=\"lazy\" referrerpolicy=\"no-referrer-when-downgrade\"><\/iframe>\n\n\n\t\t<\/div>\n\t\t\t\t\t<\/div>\n\n\t\n\n\t<div id=\"col-362762612\" class=\"col medium-7 small-12 large-7\"  >\n\t\t\t\t<div class=\"col-inner\"  >\n\t\t\t\n\t\t\t\n\n\t<div id=\"text-3592689712\" class=\"text\">\n\t\t\n\n<h1><span data-text-color=\"primary\"><strong>C\u00d4NG TY TNHH H\u1ea2I \u00c2N<\/strong><\/span><\/h1>\n<p><strong>Nh\u00e0 m\u00e1y \u0111\u1eb7t t\u1ea1i:<\/strong> 7\/9 B\u00ecnh \u0110\u1ee9c 2, ph\u01b0\u1eddng B\u00ecnh H\u00f2a, th\u00e0nh ph\u1ed1 H\u1ed3 Ch\u00ed Minh, Vi\u1ec7t Nam<\/p>\n<p><strong>\u0110i\u1ec7n tho\u1ea1i:<\/strong> (84-274) 3758341 ho\u1eb7c (84-274) 3758342<\/p>\n<p><strong>Fax:<\/strong> (84-274) 3758340<\/p>\n<p data-padding=\"5px\"><strong>Email:<\/strong> <br \/>Li\u00ean h\u1ec7 c\u00f4ng vi\u1ec7c: <a href=\"mailto:seagift.exim@seagift.com.vn\">seagift.exim@seagift.com.vn<\/a> v\u00e0 <a href=\"mailto:seagift.mai@seagift.com.vn\">seagift.mai@seagift.com.vn<\/a><br \/>\u1ee8ng tuy\u1ec3n c\u00f4ng vi\u1ec7c: <a href=\"mailto:seagift.nhansu@seagift.com.vn\">seagift.nhansu@seagift.com.vn<\/a><\/p>\n\t\t\n<style>\n#text-3592689712 {\n  font-size: 1.2rem;\n}\n<\/style>\n\t<\/div>\n\t\n\n\t\t<\/div>\n\t\t\t\t\t<\/div>\n\n\t\n\n\t<div id=\"col-2132369259\" class=\"col medium-5 small-12 large-5\"  >\n\t\t\t\t<div class=\"col-inner text-center\"  >\n\t\t\t\n\t\t\t\n\n\t<div id=\"text-1105718026\" class=\"text\">\n\t\t\n\n<p><strong>Th\u00f4ng tin doanh nghi\u1ec7p<\/strong><\/p>\n\t\t\n<style>\n#text-1105718026 {\n  font-size: 1.2rem;\n  text-align: center;\n}\n<\/style>\n\t<\/div>\n\t\n\t<div class=\"img has-hover x md-x lg-x y md-y lg-y\" id=\"image_175291575\">\n\t\t\t\t\t\t\t\t<div class=\"img-inner dark\" >\n\t\t\t<img loading=\"lazy\" decoding=\"async\" width=\"1020\" height=\"1020\" src=\"https:\/\/seagift.com.vn\/wp-content\/uploads\/2023\/07\/f239fe6277b5a4ebfda4-1024x1024.jpg\" class=\"attachment-large size-large\" alt=\"\" srcset=\"https:\/\/seagift.com.vn\/wp-content\/uploads\/2023\/07\/f239fe6277b5a4ebfda4-1024x1024.jpg 1024w, https:\/\/seagift.com.vn\/wp-content\/uploads\/2023\/07\/f239fe6277b5a4ebfda4-300x300.jpg 300w, https:\/\/seagift.com.vn\/wp-content\/uploads\/2023\/07\/f239fe6277b5a4ebfda4-150x150.jpg 150w, https:\/\/seagift.com.vn\/wp-content\/uploads\/2023\/07\/f239fe6277b5a4ebfda4-768x768.jpg 768w, https:\/\/seagift.com.vn\/wp-content\/uploads\/2023\/07\/f239fe6277b5a4ebfda4-12x12.jpg 12w, https:\/\/seagift.com.vn\/wp-content\/uploads\/2023\/07\/f239fe6277b5a4ebfda4-510x510.jpg 510w, https:\/\/seagift.com.vn\/wp-content\/uploads\/2023\/07\/f239fe6277b5a4ebfda4-100x100.jpg 100w, https:\/\/seagift.com.vn\/wp-content\/uploads\/2023\/07\/f239fe6277b5a4ebfda4.jpg 1155w\" sizes=\"auto, (max-width: 1020px) 100vw, 1020px\" \/>\t\t\t\t\t\t\n\t\t\t\t\t<\/div>\n\t\t\t\t\t\t\t\t\n<style>\n#image_175291575 {\n  width: 45%;\n}\n<\/style>\n\t<\/div>\n\t\n\n\n\t\t<\/div>\n\t\t\t\t\t<\/div>\n\n\t\n\n<\/div>","protected":false},"excerpt":{"rendered":"","protected":false},"author":1,"featured_media":0,"parent":0,"menu_order":0,"comment_status":"closed","ping_status":"closed","template":"","meta":{"footnotes":""},"class_list":["post-264","page","type-page","status-publish","hentry"],"_links":{"self":[{"href":"https:\/\/seagift.com.vn\/vi\/wp-json\/wp\/v2\/pages\/264","targetHints":{"allow":["GET"]}}],"collection":[{"href":"https:\/\/seagift.com.vn\/vi\/wp-json\/wp\/v2\/pages"}],"about":[{"href":"https:\/\/seagift.com.vn\/vi\/wp-json\/wp\/v2\/types\/page"}],"author":[{"embeddable":true,"href":"https:\/\/seagift.com.vn\/vi\/wp-json\/wp\/v2\/users\/1"}],"replies":[{"embeddable":true,"href":"https:\/\/seagift.com.vn\/vi\/wp-json\/wp\/v2\/comments?post=264"}],"version-history":[{"count":16,"href":"https:\/\/seagift.com.vn\/vi\/wp-json\/wp\/v2\/pages\/264\/revisions"}],"predecessor-version":[{"id":1453,"href":"https:\/\/seagift.com.vn\/vi\/wp-json\/wp\/v2\/pages\/264\/revisions\/1453"}],"wp:attachment":[{"href":"https:\/\/seagift.com.vn\/vi\/wp-json\/wp\/v2\/media?parent=264"}],"curies":[{"name":"wp","href":"https:\/\/api.w.org\/{rel}","templated":true}]}}