{"id":262,"date":"2023-01-10T23:01:39","date_gmt":"2023-01-10T16:01:39","guid":{"rendered":"http:\/\/seagift.com.vn\/?page_id=262"},"modified":"2023-06-28T18:55:58","modified_gmt":"2023-06-28T11:55:58","slug":"ve-chung-toi-2","status":"publish","type":"page","link":"https:\/\/seagift.com.vn\/vi\/ve-chung-toi-2\/","title":{"rendered":"V\u1ec1 ch\u00fang t\u00f4i"},"content":{"rendered":"<figure class=\"wp-block-gallery has-nested-images columns-default is-cropped wp-block-gallery-1 is-layout-flex wp-block-gallery-is-layout-flex\"><\/figure>\n\n\n\n\t<div id=\"text-3686269610\" class=\"text\">\n\t\t\n\n<h2 style=\"text-align: center;\"><span data-text-color=\"primary\">C\u00d4NG TY TNHH H\u1ea2I \u00c2N<\/span><\/h2>\n<div>\u0110\u01b0\u1ee3c th\u00e0nh l\u1eadp t\u1eeb n\u0103m 1994, C\u00f4ng ty TNHH H\u1ea3i \u00c2n t\u1eebng b\u01b0\u1edbc ph\u00e1t tri\u1ec3n v\u00e0 tr\u1edf th\u00e0nh m\u1ed9t trong nh\u1eefng nh\u00e0 cung c\u1ea5p h\u1ea3i s\u1ea3n \u0111\u00f4ng l\u1ea1nh \u0111\u1ebfn v\u1edbi nhi\u1ec1u kh\u00e1ch h\u00e0ng tr\u00ean kh\u1eafp th\u1ebf gi\u1edbi. V\u1edbi 2 d\u00f2ng s\u1ea3n ph\u1ea9m: h\u1ea3i s\u1ea3n t\u01b0\u01a1i \u0111\u00f4ng l\u1ea1nh v\u00e0 th\u1ef1c ph\u1ea9m gi\u00e1 tr\u1ecb gia t\u0103ng t\u1eeb c\u00e1c l\u1ecdai h\u1ea3i s\u1ea3n nh\u01b0 t\u00f4m, s\u00f2, gh\u1eb9, m\u1ef1c n\u00fat,&#8230;<\/div>\n<div>&nbsp;<\/div>\n<div>S\u1ea3n ph\u1ea9m c\u1ee7a H\u1ea3i \u00c2n \u0111\u00e3 \u0111\u01b0\u1ee3c cung c\u1ea5p \u0111\u1ebfn c\u00e1c th\u1ecb tr\u01b0\u1eddng nh\u01b0: Nh\u1eadt, M\u1ef9, Hongkong, H\u00e0n Qu\u1ed1c, Singapore, \u00dac, New Zealand, Philippines,&#8230;<\/div>\n<div>&nbsp;<\/div>\n\t\t\n<style>\n#text-3686269610 {\n  font-size: 1.2rem;\n}\n<\/style>\n\t<\/div>\n\t\n<div class=\"row\"  id=\"row-1852549230\">\n\n\n\t<div id=\"col-38679650\" class=\"col small-12 large-12\"  >\n\t\t\t\t<div class=\"col-inner\"  >\n\t\t\t\n\t\t\t\n\n\t<div class=\"img has-hover x md-x lg-x y md-y lg-y\" id=\"image_1831103486\">\n\t\t\t\t\t\t\t\t<div class=\"img-inner dark\" >\n\t\t\t<img loading=\"lazy\" decoding=\"async\" width=\"1784\" height=\"1009\" src=\"https:\/\/seagift.com.vn\/wp-content\/uploads\/2023\/04\/XDjTiqkMDa.png\" class=\"attachment-original size-original\" alt=\"\" srcset=\"https:\/\/seagift.com.vn\/wp-content\/uploads\/2023\/04\/XDjTiqkMDa.png 1784w, https:\/\/seagift.com.vn\/wp-content\/uploads\/2023\/04\/XDjTiqkMDa-300x170.png 300w, https:\/\/seagift.com.vn\/wp-content\/uploads\/2023\/04\/XDjTiqkMDa-1024x579.png 1024w, https:\/\/seagift.com.vn\/wp-content\/uploads\/2023\/04\/XDjTiqkMDa-768x434.png 768w, https:\/\/seagift.com.vn\/wp-content\/uploads\/2023\/04\/XDjTiqkMDa-1536x869.png 1536w, https:\/\/seagift.com.vn\/wp-content\/uploads\/2023\/04\/XDjTiqkMDa-18x10.png 18w, https:\/\/seagift.com.vn\/wp-content\/uploads\/2023\/04\/XDjTiqkMDa-510x288.png 510w\" sizes=\"auto, (max-width: 1784px) 100vw, 1784px\" \/>\t\t\t\t\t\t\n\t\t\t\t\t<\/div>\n\t\t\t\t\t\t\t\t\n<style>\n#image_1831103486 {\n  width: 100%;\n}\n<\/style>\n\t<\/div>\n\t\n\n\n\t\t<\/div>\n\t\t\t\t\t<\/div>\n\n\t\n\n<\/div>\n<div class=\"row\"  id=\"row-2129180898\">\n\n\n\t<div id=\"col-490471667\" class=\"col small-12 large-12\"  >\n\t\t\t\t<div class=\"col-inner text-center\"  >\n\t\t\t\n\t\t\t\n\n<a href=\"https:\/\/drive.google.com\/drive\/folders\/1XpfVEvm7q6nMQngzd3RBxBf2im7bSPYr?usp=sharing\" class=\"button primary\" >\n\t\t<span>Gi\u1edbi thi\u1ec7u v\u1ec1 ch\u00fang t\u00f4i (PDF)<\/span>\n\t<\/a>\n\n\n\n\t\t<\/div>\n\t\t\t\t\t<\/div>\n\n\t\n\n<\/div>\n<div class=\"slider-wrapper relative\" id=\"slider-631047996\" >\n    <div class=\"slider slider-nav-circle slider-nav-large slider-nav-light slider-style-normal\"\n        data-flickity-options='{            \"cellAlign\": \"center\",            \"imagesLoaded\": true,            \"lazyLoad\": 1,            \"freeScroll\": false,            \"wrapAround\": true,            \"autoPlay\": 6000,            \"pauseAutoPlayOnHover\" : true,            \"prevNextButtons\": true,            \"contain\" : true,            \"adaptiveHeight\" : true,            \"dragThreshold\" : 10,            \"percentPosition\": true,            \"pageDots\": true,            \"rightToLeft\": false,            \"draggable\": true,            \"selectedAttraction\": 0.1,            \"parallax\" : 0,            \"friction\": 0.6        }'\n        >\n        \n\n\t<div class=\"img has-hover x md-x lg-x y md-y lg-y\" id=\"image_720917221\">\n\t\t\t\t\t\t\t\t<div class=\"img-inner dark\" >\n\t\t\t<img loading=\"lazy\" decoding=\"async\" width=\"517\" height=\"743\" src=\"https:\/\/seagift.com.vn\/wp-content\/uploads\/2023\/04\/RM-receiving-room.jpg\" class=\"attachment-large size-large\" alt=\"\" srcset=\"https:\/\/seagift.com.vn\/wp-content\/uploads\/2023\/04\/RM-receiving-room.jpg 517w, https:\/\/seagift.com.vn\/wp-content\/uploads\/2023\/04\/RM-receiving-room-209x300.jpg 209w, https:\/\/seagift.com.vn\/wp-content\/uploads\/2023\/04\/RM-receiving-room-8x12.jpg 8w, https:\/\/seagift.com.vn\/wp-content\/uploads\/2023\/04\/RM-receiving-room-510x733.jpg 510w\" sizes=\"auto, (max-width: 517px) 100vw, 517px\" \/>\t\t\t\t\t\t\n\t\t\t\t\t<\/div>\n\t\t\t\t\t\t\t\t\n<style>\n#image_720917221 {\n  width: 100%;\n}\n<\/style>\n\t<\/div>\n\t\n\n\t<div class=\"img has-hover x md-x lg-x y md-y lg-y\" id=\"image_1521449338\">\n\t\t\t\t\t\t\t\t<div class=\"img-inner dark\" >\n\t\t\t<img loading=\"lazy\" decoding=\"async\" width=\"1020\" height=\"680\" src=\"https:\/\/seagift.com.vn\/wp-content\/uploads\/2023\/04\/processing-line-2-1024x683.jpg\" class=\"attachment-large size-large\" alt=\"\" srcset=\"https:\/\/seagift.com.vn\/wp-content\/uploads\/2023\/04\/processing-line-2-1024x683.jpg 1024w, https:\/\/seagift.com.vn\/wp-content\/uploads\/2023\/04\/processing-line-2-300x200.jpg 300w, https:\/\/seagift.com.vn\/wp-content\/uploads\/2023\/04\/processing-line-2-768x512.jpg 768w, https:\/\/seagift.com.vn\/wp-content\/uploads\/2023\/04\/processing-line-2-1536x1024.jpg 1536w, https:\/\/seagift.com.vn\/wp-content\/uploads\/2023\/04\/processing-line-2-2048x1365.jpg 2048w, https:\/\/seagift.com.vn\/wp-content\/uploads\/2023\/04\/processing-line-2-18x12.jpg 18w, https:\/\/seagift.com.vn\/wp-content\/uploads\/2023\/04\/processing-line-2-510x340.jpg 510w\" sizes=\"auto, (max-width: 1020px) 100vw, 1020px\" \/>\t\t\t\t\t\t\n\t\t\t\t\t<\/div>\n\t\t\t\t\t\t\t\t\n<style>\n#image_1521449338 {\n  width: 100%;\n}\n<\/style>\n\t<\/div>\n\t\n\n\t<div class=\"img has-hover x md-x lg-x y md-y lg-y\" id=\"image_1412974587\">\n\t\t\t\t\t\t\t\t<div class=\"img-inner dark\" >\n\t\t\t<img loading=\"lazy\" decoding=\"async\" width=\"1020\" height=\"765\" src=\"https:\/\/seagift.com.vn\/wp-content\/uploads\/2023\/04\/457e5ed2dcc2009c59d3-1024x768.jpg\" class=\"attachment-large size-large\" alt=\"\" srcset=\"https:\/\/seagift.com.vn\/wp-content\/uploads\/2023\/04\/457e5ed2dcc2009c59d3-1024x768.jpg 1024w, https:\/\/seagift.com.vn\/wp-content\/uploads\/2023\/04\/457e5ed2dcc2009c59d3-300x225.jpg 300w, https:\/\/seagift.com.vn\/wp-content\/uploads\/2023\/04\/457e5ed2dcc2009c59d3-768x576.jpg 768w, https:\/\/seagift.com.vn\/wp-content\/uploads\/2023\/04\/457e5ed2dcc2009c59d3-1536x1152.jpg 1536w, https:\/\/seagift.com.vn\/wp-content\/uploads\/2023\/04\/457e5ed2dcc2009c59d3-2048x1536.jpg 2048w, https:\/\/seagift.com.vn\/wp-content\/uploads\/2023\/04\/457e5ed2dcc2009c59d3-16x12.jpg 16w, https:\/\/seagift.com.vn\/wp-content\/uploads\/2023\/04\/457e5ed2dcc2009c59d3-510x383.jpg 510w\" sizes=\"auto, (max-width: 1020px) 100vw, 1020px\" \/>\t\t\t\t\t\t\n\t\t\t\t\t<\/div>\n\t\t\t\t\t\t\t\t\n<style>\n#image_1412974587 {\n  width: 100%;\n}\n<\/style>\n\t<\/div>\n\t\n\n\n     <\/div>\n\n     <div class=\"loading-spin dark large centered\"><\/div>\n\n\t<\/div>\n\n\n  <div class=\"banner-grid-wrapper\">\n  <div id=\"banner-grid-1464692608\" class=\"banner-grid row row-grid row-small\" data-packery-options=\"\">\n                      \n\n<div class=\"col grid-col large-9 grid-col-1\" ><div class=\"col-inner\">\n\n\t<div class=\"img has-hover x md-x lg-x y md-y lg-y\" id=\"image_546365828\">\n\t\t\t\t\t\t\t\t<div class=\"img-inner dark\" >\n\t\t\t<img loading=\"lazy\" decoding=\"async\" width=\"1020\" height=\"765\" src=\"https:\/\/seagift.com.vn\/wp-content\/uploads\/2023\/04\/1d8309768d6651380877-1024x768.jpg\" class=\"attachment-large size-large\" alt=\"\" srcset=\"https:\/\/seagift.com.vn\/wp-content\/uploads\/2023\/04\/1d8309768d6651380877-1024x768.jpg 1024w, https:\/\/seagift.com.vn\/wp-content\/uploads\/2023\/04\/1d8309768d6651380877-300x225.jpg 300w, https:\/\/seagift.com.vn\/wp-content\/uploads\/2023\/04\/1d8309768d6651380877-768x576.jpg 768w, https:\/\/seagift.com.vn\/wp-content\/uploads\/2023\/04\/1d8309768d6651380877-1536x1152.jpg 1536w, https:\/\/seagift.com.vn\/wp-content\/uploads\/2023\/04\/1d8309768d6651380877-2048x1536.jpg 2048w, https:\/\/seagift.com.vn\/wp-content\/uploads\/2023\/04\/1d8309768d6651380877-16x12.jpg 16w, https:\/\/seagift.com.vn\/wp-content\/uploads\/2023\/04\/1d8309768d6651380877-510x383.jpg 510w\" sizes=\"auto, (max-width: 1020px) 100vw, 1020px\" \/>\t\t\t\t\t\t\n\t\t\t\t\t<\/div>\n\t\t\t\t\t\t\t\t\n<style>\n#image_546365828 {\n  width: 100%;\n}\n<\/style>\n\t<\/div>\n\t\n\n\n<\/div><\/div>\n<div class=\"col grid-col large-3 grid-col-1-2\" ><div class=\"col-inner\">\n\n\t<div class=\"img has-hover x md-x lg-x y md-y lg-y\" id=\"image_771361819\">\n\t\t\t\t\t\t\t\t<div class=\"img-inner dark\" >\n\t\t\t<img loading=\"lazy\" decoding=\"async\" width=\"1020\" height=\"765\" src=\"https:\/\/seagift.com.vn\/wp-content\/uploads\/2023\/04\/5d9faf3b352be975b03a-1024x768.jpg\" class=\"attachment-large size-large\" alt=\"\" srcset=\"https:\/\/seagift.com.vn\/wp-content\/uploads\/2023\/04\/5d9faf3b352be975b03a-1024x768.jpg 1024w, https:\/\/seagift.com.vn\/wp-content\/uploads\/2023\/04\/5d9faf3b352be975b03a-300x225.jpg 300w, https:\/\/seagift.com.vn\/wp-content\/uploads\/2023\/04\/5d9faf3b352be975b03a-768x576.jpg 768w, https:\/\/seagift.com.vn\/wp-content\/uploads\/2023\/04\/5d9faf3b352be975b03a-1536x1152.jpg 1536w, https:\/\/seagift.com.vn\/wp-content\/uploads\/2023\/04\/5d9faf3b352be975b03a-2048x1536.jpg 2048w, https:\/\/seagift.com.vn\/wp-content\/uploads\/2023\/04\/5d9faf3b352be975b03a-16x12.jpg 16w, https:\/\/seagift.com.vn\/wp-content\/uploads\/2023\/04\/5d9faf3b352be975b03a-510x383.jpg 510w\" sizes=\"auto, (max-width: 1020px) 100vw, 1020px\" \/>\t\t\t\t\t\t\n\t\t\t\t\t<\/div>\n\t\t\t\t\t\t\t\t\n<style>\n#image_771361819 {\n  width: 100%;\n}\n<\/style>\n\t<\/div>\n\t\n\n\n<\/div><\/div>\n<div class=\"col grid-col large-3 grid-col-1-2\" ><div class=\"col-inner\">\n\n\t<div class=\"img has-hover x md-x lg-x y md-y lg-y\" id=\"image_814078293\">\n\t\t\t\t\t\t\t\t<div class=\"img-inner dark\" >\n\t\t\t<img loading=\"lazy\" decoding=\"async\" width=\"1020\" height=\"765\" src=\"https:\/\/seagift.com.vn\/wp-content\/uploads\/2023\/04\/5c63eedc75cca992f0dd-1024x768.jpg\" class=\"attachment-large size-large\" alt=\"\" srcset=\"https:\/\/seagift.com.vn\/wp-content\/uploads\/2023\/04\/5c63eedc75cca992f0dd-1024x768.jpg 1024w, https:\/\/seagift.com.vn\/wp-content\/uploads\/2023\/04\/5c63eedc75cca992f0dd-300x225.jpg 300w, https:\/\/seagift.com.vn\/wp-content\/uploads\/2023\/04\/5c63eedc75cca992f0dd-768x576.jpg 768w, https:\/\/seagift.com.vn\/wp-content\/uploads\/2023\/04\/5c63eedc75cca992f0dd-1536x1152.jpg 1536w, https:\/\/seagift.com.vn\/wp-content\/uploads\/2023\/04\/5c63eedc75cca992f0dd-2048x1536.jpg 2048w, https:\/\/seagift.com.vn\/wp-content\/uploads\/2023\/04\/5c63eedc75cca992f0dd-16x12.jpg 16w, https:\/\/seagift.com.vn\/wp-content\/uploads\/2023\/04\/5c63eedc75cca992f0dd-510x383.jpg 510w\" sizes=\"auto, (max-width: 1020px) 100vw, 1020px\" \/>\t\t\t\t\t\t\n\t\t\t\t\t<\/div>\n\t\t\t\t\t\t\t\t\n<style>\n#image_814078293 {\n  width: 100%;\n}\n<\/style>\n\t<\/div>\n\t\n\n\n<\/div><\/div>\n\n            <\/div>\n    <style>\n    #banner-grid-1464692608 .grid-col-1{height: 600px}\n    #banner-grid-1464692608 .grid-col-1-2{height: 300px}\n    #banner-grid-1464692608 .grid-col-1-3{height:200px}\n    #banner-grid-1464692608 .grid-col-2-3{height: 400px}\n    #banner-grid-1464692608 .grid-col-1-4{height: 150px}\n    #banner-grid-1464692608 .grid-col-3-4{height: 450px}\n\n\n    \n    \n\n  <\/style>\n    <\/div>","protected":false},"excerpt":{"rendered":"","protected":false},"author":1,"featured_media":0,"parent":0,"menu_order":0,"comment_status":"closed","ping_status":"closed","template":"","meta":{"footnotes":""},"class_list":["post-262","page","type-page","status-publish","hentry"],"_links":{"self":[{"href":"https:\/\/seagift.com.vn\/vi\/wp-json\/wp\/v2\/pages\/262","targetHints":{"allow":["GET"]}}],"collection":[{"href":"https:\/\/seagift.com.vn\/vi\/wp-json\/wp\/v2\/pages"}],"about":[{"href":"https:\/\/seagift.com.vn\/vi\/wp-json\/wp\/v2\/types\/page"}],"author":[{"embeddable":true,"href":"https:\/\/seagift.com.vn\/vi\/wp-json\/wp\/v2\/users\/1"}],"replies":[{"embeddable":true,"href":"https:\/\/seagift.com.vn\/vi\/wp-json\/wp\/v2\/comments?post=262"}],"version-history":[{"count":20,"href":"https:\/\/seagift.com.vn\/vi\/wp-json\/wp\/v2\/pages\/262\/revisions"}],"predecessor-version":[{"id":1159,"href":"https:\/\/seagift.com.vn\/vi\/wp-json\/wp\/v2\/pages\/262\/revisions\/1159"}],"wp:attachment":[{"href":"https:\/\/seagift.com.vn\/vi\/wp-json\/wp\/v2\/media?parent=262"}],"curies":[{"name":"wp","href":"https:\/\/api.w.org\/{rel}","templated":true}]}}